{"id":301,"date":"2025-04-22T15:42:07","date_gmt":"2025-04-22T13:42:07","guid":{"rendered":"http:\/\/92.42.44.40\/?page_id=301"},"modified":"2025-04-22T17:08:28","modified_gmt":"2025-04-22T15:08:28","slug":"impressum","status":"publish","type":"page","link":"https:\/\/himmelsstein.de\/index.php\/impressum\/","title":{"rendered":"Impressum"},"content":{"rendered":"\n<p>Patrick P\u00e4tel<br>Genshagener str. 7<br>14974 ludwigsfelde<\/p>\n\n\n\n<p><strong>Kontakt:<\/strong><br>E-Mail: admin@himmelsstein.de<\/p>\n\n\n\n<p><strong>Haftungsausschluss:<\/strong>&nbsp;Alle Inhalte dieses Blogs wurden mit gr\u00f6\u00dftm\u00f6glicher Sorgfalt erstellt. Es wird jedoch keine Haftung f\u00fcr die Vollst\u00e4ndigkeit, Richtigkeit und Aktualit\u00e4t der Inhalte \u00fcbernommen.<\/p>\n\n\n\n<p><strong>Haftung f\u00fcr Links:<\/strong>&nbsp;Unsere Webseite enth\u00e4lt Links zu externen Webseiten, auf deren Inhalt wir keinen Einfluss haben. F\u00fcr die Inhalte dieser externen Seiten sind ausschlie\u00dflich deren Betreiber verantwortlich.<\/p>\n\n\n\n<p><\/p>\n","protected":false},"excerpt":{"rendered":"<p>Patrick P\u00e4telGenshagener str. 714974 ludwigsfelde Kontakt:E-Mail: admin@himmelsstein.de Haftungsausschluss:&nbsp;Alle Inhalte dieses Blogs wurden mit gr\u00f6\u00dftm\u00f6glicher Sorgfalt erstellt. Es wird jedoch keine Haftung f\u00fcr die Vollst\u00e4ndigkeit, Richtigkeit und Aktualit\u00e4t der Inhalte \u00fcbernommen.&hellip;<\/p>\n","protected":false},"author":1,"featured_media":0,"parent":0,"menu_order":0,"comment_status":"closed","ping_status":"closed","template":"","meta":{"footnotes":""},"class_list":["post-301","page","type-page","status-publish","hentry"],"_links":{"self":[{"href":"https:\/\/himmelsstein.de\/index.php\/wp-json\/wp\/v2\/pages\/301","targetHints":{"allow":["GET"]}}],"collection":[{"href":"https:\/\/himmelsstein.de\/index.php\/wp-json\/wp\/v2\/pages"}],"about":[{"href":"https:\/\/himmelsstein.de\/index.php\/wp-json\/wp\/v2\/types\/page"}],"author":[{"embeddable":true,"href":"https:\/\/himmelsstein.de\/index.php\/wp-json\/wp\/v2\/users\/1"}],"replies":[{"embeddable":true,"href":"https:\/\/himmelsstein.de\/index.php\/wp-json\/wp\/v2\/comments?post=301"}],"version-history":[{"count":3,"href":"https:\/\/himmelsstein.de\/index.php\/wp-json\/wp\/v2\/pages\/301\/revisions"}],"predecessor-version":[{"id":344,"href":"https:\/\/himmelsstein.de\/index.php\/wp-json\/wp\/v2\/pages\/301\/revisions\/344"}],"wp:attachment":[{"href":"https:\/\/himmelsstein.de\/index.php\/wp-json\/wp\/v2\/media?parent=301"}],"curies":[{"name":"wp","href":"https:\/\/api.w.org\/{rel}","templated":true}]}}